{"id":56,"date":"2026-03-12T17:20:20","date_gmt":"2026-03-12T17:20:20","guid":{"rendered":"http:\/\/arcapatrimoni.net\/?page_id=56"},"modified":"2026-03-12T19:38:40","modified_gmt":"2026-03-12T19:38:40","slug":"collabora","status":"publish","type":"page","link":"https:\/\/arcapatrimoni.net\/?page_id=56","title":{"rendered":"Col\u00b7labora"},"content":{"rendered":"\n<p><span style=\"font-weight: 400;\">El comprom\u00eds individual amb la construcci\u00f3 d\u2019una societat millor te pot dur a acostarte a la nostra entitat, formada per gent diversa on tothom hi t\u00e9 cabuda.<\/span><\/p>\n\n\n\n<h2 class=\"wp-block-heading\"><b>Qu\u00e8 podeu fer vosaltres?<\/b><\/h2>\n\n\n\n<p><span style=\"font-weight: 400;\">Si ets una persona que estima el patrimoni hist\u00f2ric, que vol viure\u2019l a primera m\u00e0, nosaltres t\u2019oferim aquesta oportunitat i tu ens ajudar\u00e0s, perqu\u00e8 cada dia puguem seguir lluitant per la seva preservaci\u00f3, conservaci\u00f3 i difusi\u00f3.<\/span><\/p>\n\n\n\n<ul class=\"wp-block-list\">\n<li><span style=\"font-weight: 400;\"><strong>Fes-te soci<\/strong>: associar-vos amb una quota molt redu\u00efda de 55 <strong>\u20ac<\/strong> anuals imprescindible per mantenir la nostra independ\u00e8ncia.<\/span> <span style=\"font-weight: 400;\">El seu pagament potser mitjan\u00e7ant domiciliaci\u00f3 banc\u00e0ria o en efectiu.<\/span><\/li>\n\n\n\n<li><span style=\"font-weight: 400;\"><strong>Col\u00b7labora:<\/strong> podeu participar com a voluntaris a les nostres activitats de cura del Patrimoni<\/span>.<\/li>\n<\/ul>\n\n\n\n<p><span style=\"font-weight: 400;\">Amb la teva ajuda, impulsem campanyes de defensa i de difusi\u00f3, realitzem activitats, destinades a tots aquells que estimen el patrimoni hist\u00f2ric i atenem a les preguntes dels nostres socis i s\u00f2cies.<\/span><\/p>\n\n\n\n<p>&nbsp;<\/p>\n","protected":false},"excerpt":{"rendered":"<p>El comprom\u00eds individual amb la construcci\u00f3 d\u2019una societat millor te pot dur a acostarte a la nostra entitat, formada per gent diversa on tothom hi t\u00e9 cabuda. Qu\u00e8 podeu fer vosaltres? Si ets una persona que estima el patrimoni hist\u00f2ric, &hellip; <a href=\"https:\/\/arcapatrimoni.net\/?page_id=56\">Continua llegint <span class=\"meta-nav\">&rarr;<\/span><\/a><\/p>\n","protected":false},"author":1,"featured_media":172,"parent":0,"menu_order":0,"comment_status":"closed","ping_status":"closed","template":"","meta":{"footnotes":""},"class_list":["post-56","page","type-page","status-publish","has-post-thumbnail","hentry"],"_links":{"self":[{"href":"https:\/\/arcapatrimoni.net\/index.php?rest_route=\/wp\/v2\/pages\/56","targetHints":{"allow":["GET"]}}],"collection":[{"href":"https:\/\/arcapatrimoni.net\/index.php?rest_route=\/wp\/v2\/pages"}],"about":[{"href":"https:\/\/arcapatrimoni.net\/index.php?rest_route=\/wp\/v2\/types\/page"}],"author":[{"embeddable":true,"href":"https:\/\/arcapatrimoni.net\/index.php?rest_route=\/wp\/v2\/users\/1"}],"replies":[{"embeddable":true,"href":"https:\/\/arcapatrimoni.net\/index.php?rest_route=%2Fwp%2Fv2%2Fcomments&post=56"}],"version-history":[{"count":5,"href":"https:\/\/arcapatrimoni.net\/index.php?rest_route=\/wp\/v2\/pages\/56\/revisions"}],"predecessor-version":[{"id":159,"href":"https:\/\/arcapatrimoni.net\/index.php?rest_route=\/wp\/v2\/pages\/56\/revisions\/159"}],"wp:featuredmedia":[{"embeddable":true,"href":"https:\/\/arcapatrimoni.net\/index.php?rest_route=\/wp\/v2\/media\/172"}],"wp:attachment":[{"href":"https:\/\/arcapatrimoni.net\/index.php?rest_route=%2Fwp%2Fv2%2Fmedia&parent=56"}],"curies":[{"name":"wp","href":"https:\/\/api.w.org\/{rel}","templated":true}]}}